{"id":39,"date":"2026-03-05T11:54:10","date_gmt":"2026-03-05T11:54:10","guid":{"rendered":"https:\/\/hummy.gracetal.net\/?post_type=product&#038;p=39"},"modified":"2026-03-05T12:06:49","modified_gmt":"2026-03-05T12:06:49","slug":"http-localhost-web-index-php-product-iphone-17-pro-max-chinh-hang","status":"publish","type":"product","link":"https:\/\/hummy.gracetal.net\/index.php\/product\/http-localhost-web-index-php-product-iphone-17-pro-max-chinh-hang\/","title":{"rendered":"iPhone 17 Pro Max | Ch\u00ednh h\u00e3ng"},"content":{"rendered":"<h2 class=\"ksp-title\">\u0110\u1eb7c \u0111i\u1ec3m n\u1ed5i b\u1eadt c\u1ee7a iPhone 17 Pro Max | Ch\u00ednh h\u00e3ng<\/h2>\n<p><strong>iPhone 17 Pro Max<\/strong> l\u00e0 phi\u00ean b\u1ea3n &#8220;x\u1ecbn x\u00f2&#8221; nh\u1ea5t c\u1ee7a th\u1ebf h\u1ec7, \u0111\u01b0\u1ee3c Apple trang b\u1ecb nh\u1eefng c\u00f4ng ngh\u1ec7 h\u00e0ng \u0111\u1ea7u v\u1ec1 m\u00e0n h\u00ecnh, hi\u1ec7u n\u0103ng v\u00e0 camera. V\u1edbi ngo\u1ea1i h\u00ecnh ho\u00e0n to\u00e0n m\u1edbi c\u00f9ng nhi\u1ec1u n\u00e2ng c\u1ea5p v\u1ec1 ph\u1ea7n c\u1ee9ng l\u1eabn t\u00ednh n\u0103ng, s\u1ea3n ph\u1ea9m mang \u0111\u1ebfn s\u1ee9c m\u1ea1nh v\u01b0\u1ee3t tr\u1ed9i, \u0111\u00e1p \u1ee9ng tr\u1ecdn v\u1eb9n t\u1eeb nhu c\u1ea7u s\u1eed d\u1ee5ng h\u1eb1ng ng\u00e0y cho \u0111\u1ebfn tr\u1ea3i nghi\u1ec7m chuy\u00ean nghi\u1ec7p.<\/p>\n<div class=\"Y3BBE\" data-sfc-cp=\"\" data-sfc-cb=\"\" data-hveid=\"CAIQAA\" data-processed=\"true\"><strong class=\"Yjhzub\" data-sfc-cb=\"\" data-processed=\"true\">C\u00e1c \u0111\u1eb7c \u0111i\u1ec3m k\u1ef9 thu\u1eadt n\u1ed5i b\u1eadt (d\u1ef1 ki\u1ebfn):<\/strong><button class=\"rBl3me\" tabindex=\"0\" data-amic=\"true\" data-icl-uuid=\"c91ea9f7-901c-4117-abe0-f52561a587c1\" aria-label=\"Xem c\u00e1c \u0111\u01b0\u1eddng li\u00ean k\u1ebft c\u00f3 li\u00ean quan\" data-wiz-attrbind=\"disabled=Bfeq2b_m\/C5gNJc;aria-label=Bfeq2b_m\/bOjMyf;class=Bfeq2b_m\/UpSNec\" data-ved=\"2ahUKEwiuqbqK2YiTAxVV2DQHHXSoNCIQye0OegQIAhAB\" data-hveid=\"CAIQAQ\" data-processed=\"true\"><\/button><\/div>\n<ul class=\"KsbFXc U6u95\" data-sfc-cb=\"\" data-processed=\"true\">\n<li class=\"dF3vjf\" data-sfc-cb=\"\" data-hveid=\"CAQQAA\" data-processed=\"true\"><span class=\"T286Pc\" data-sfc-cp=\"\" data-sfc-cb=\"\" data-processed=\"true\"><strong class=\"Yjhzub\" data-sfc-cb=\"\" data-processed=\"true\">Thi\u1ebft k\u1ebf v\u00e0 M\u00e0n h\u00ecnh:<\/strong>\u00a0M\u00e0n h\u00ecnh 6.9-inch Super Retina XDR v\u1edbi c\u00f4ng ngh\u1ec7 ProMotion 1-120Hz, \u0111\u1ed9 s\u00e1ng t\u1ed1i \u0111a l\u00ean t\u1edbi 3,000 nits v\u00e0 m\u1eb7t tr\u01b0\u1edbc Ceramic Shield th\u1ebf h\u1ec7 2 ch\u1ed1ng tr\u1ea7y x\u01b0\u1edbc t\u1ed1t h\u01a1n.<\/span><\/li>\n<li class=\"dF3vjf\" data-sfc-cb=\"\" data-hveid=\"CAQQAQ\" data-processed=\"true\"><span class=\"T286Pc\" data-sfc-cp=\"\" data-sfc-cb=\"\" data-processed=\"true\"><strong class=\"Yjhzub\" data-sfc-cb=\"\" data-processed=\"true\">Hi\u1ec7u n\u0103ng:<\/strong>\u00a0Chip\u00a0<span data-wiz-uids=\"Bfeq2b_1k\" data-sfc-cb=\"\" data-processed=\"true\"><a class=\"GI370e\" href=\"https:\/\/www.google.com\/search?q=Apple+A19+Pro&amp;sca_esv=ce1d9c6da6b8c5e1&amp;rlz=1C1YTUH_viVN1175VN1175&amp;sxsrf=ANbL-n7279RbOye5YOkEF8XF5_Gn087bGw%3A1772711530457&amp;ei=am6padfIG_fG0-kPm8mikQk&amp;biw=1422&amp;bih=659&amp;ved=2ahUKEwiuqbqK2YiTAxVV2DQHHXSoNCIQgK4QegQIBBAC&amp;uact=5&amp;oq=iphone+17+pro+max+m%C3%B4+t%E1%BA%A3&amp;gs_lp=Egxnd3Mtd2l6LXNlcnAiGmlwaG9uZSAxNyBwcm8gbWF4IG3DtCB04bqjMgUQABiABDIFEAAY7wUyBRAAGO8FMggQABiABBiiBDIIEAAYogQYiQUyBRAAGO8FSLgQULcEWJoNcAN4AZABApgBtQGgAbsIqgEDMC44uAEDyAEA-AEBmAIJoAL3BsICChAAGLADGNYEGEfCAg0QABiABBiwAxhDGIoFwgIGEAAYFhgemAMAiAYBkAYKkgcDMy42oAeoLrIHAzAuNrgHygbCBwcyLTMuNS4xyAdfgAgA&amp;sclient=gws-wiz-serp&amp;mstk=AUtExfDQDPT5RBYDs3LVcd03n-bkhVWn4iuO3BJwxnm9BOwvjp1630wI3UMsFL6Eg_IgczJ0Lx-I6ET3zdM7Ox2AHSE3F9xFP6YXlIFe1oDLtdmqU755hBDF-boLoNu5N5Qkj3suCDEidlDaTVmWL8blDxn1lglZxpERFe6b5wLWYN4w9XI8tWhxo8WgAZdHcFcwPXoTk50STIkJ40Upt1IFUtJ8L_13-J-oKYIoH9kV6QkWpakmfq7uwCHY0sGsK0VE4O3UTUc5a-S4JlQphERn8R2WNg2f2Edkx6Hf46QWevaqpA&amp;csui=3\" data-ved=\"2ahUKEwiuqbqK2YiTAxVV2DQHHXSoNCIQgK4QegQIBBAC\" data-hveid=\"CAQQAg\" data-processed=\"true\">Apple A19 Pro<\/a><\/span>\u00a0(nhanh h\u01a1n 20% CPU v\u00e0 50% GPU so v\u1edbi 15 Pro Max) \u0111i k\u00e8m RAM dung l\u01b0\u1ee3ng cao v\u00e0 c\u00f4ng ngh\u1ec7 t\u1ea3n nhi\u1ec7t bu\u1ed3ng h\u01a1i.<\/span><\/li>\n<li class=\"dF3vjf\" data-sfc-cb=\"\" data-hveid=\"CAQQAw\" data-processed=\"true\"><span class=\"T286Pc\" data-sfc-cp=\"\" data-sfc-cb=\"\" data-processed=\"true\"><strong class=\"Yjhzub\" data-sfc-cb=\"\" data-processed=\"true\">Camera:<\/strong>\u00a0C\u1ea3 3 camera sau (ch\u00ednh, g\u00f3c si\u00eau r\u1ed9ng, telephoto) \u0111\u1ec1u l\u00e0 48MP, h\u1ed7 tr\u1ee3 quay video 4K 120fps, zoom quang 8x, v\u00e0 camera tr\u01b0\u1edbc 18MP c\u00f3 Center Stage.<\/span><\/li>\n<li class=\"dF3vjf\" data-sfc-cb=\"\" data-hveid=\"CAQQBA\" data-processed=\"true\"><span class=\"T286Pc\" data-sfc-cp=\"\" data-sfc-cb=\"\" data-processed=\"true\"><strong class=\"Yjhzub\" data-sfc-cb=\"\" data-processed=\"true\">T\u00ednh n\u0103ng kh\u00e1c:<\/strong>\u00a0K\u1ebft n\u1ed1i 5G, h\u1ec7 \u0111i\u1ec1u h\u00e0nh iOS 26, c\u1ed5ng USB-C t\u1ed1c \u0111\u1ed9 cao, v\u00e0 th\u1eddi l\u01b0\u1ee3ng pin \u0111\u01b0\u1ee3c c\u1ea3i thi\u1ec7n t\u1ed1i \u0111a.<\/span><\/li>\n<li class=\"dF3vjf\" data-sfc-cb=\"\" data-hveid=\"CAQQBQ\" data-processed=\"true\"><span class=\"T286Pc\" data-sfc-cp=\"\" data-sfc-cb=\"\" data-processed=\"true\"><strong class=\"Yjhzub\" data-sfc-cb=\"\" data-processed=\"true\">M\u00e0u s\u1eafc:<\/strong>\u00a0D\u1ef1 ki\u1ebfn bao g\u1ed3m c\u00e1c phi\u00ean b\u1ea3n m\u00e0u sang tr\u1ecdng nh\u01b0 Xanh \u0110\u1eadm (Dark Blue), Titan B\u1ea1c, v\u00e0 c\u00e1c m\u00e0u \u0111\u1eb7c tr\u01b0ng c\u1ee7a d\u00f2ng Pro.<\/span><\/li>\n<li class=\"dF3vjf\" data-sfc-cb=\"\" data-hveid=\"CAQQBQ\" data-processed=\"true\">iPhone 17 Pro Max \u0111\u01b0\u1ee3c thi\u1ebft k\u1ebf cho nhu c\u1ea7u chuy\u00ean nghi\u1ec7p, t\u1ed1i \u01b0u h\u00f3a cho quay ch\u1ee5p, ch\u01a1i game \u0111\u1ed3 h\u1ecda cao v\u00e0 l\u00e0m vi\u1ec7c \u0111a nhi\u1ec7m.<span class=\"uJ19be notranslate\" data-wiz-uids=\"Bfeq2b_2c,Bfeq2b_2d\" data-sfc-cb=\"\" data-processed=\"true\"><span class=\"vKEkVd\" data-animation-atomic=\"\" data-wiz-attrbind=\"class=Bfeq2b_2b\/TKHnVd\" data-processed=\"true\"><span aria-hidden=\"true\" data-processed=\"true\">\u00a0<\/span><\/span><\/span><\/li>\n<li data-sfc-cb=\"\" data-hveid=\"CAQQBQ\" data-processed=\"true\">iPhone 17 Pro Max (d\u1ef1 ki\u1ebfn ra m\u1eaft 2025)\u00a0<mark class=\"HxTRcb\" data-sfc-cb=\"\" data-processed=\"true\">l\u00e0 m\u1eabu smartphone cao c\u1ea5p nh\u1ea5t c\u1ee7a Apple, n\u1ed5i b\u1eadt v\u1edbi m\u00e0n h\u00ecnh l\u1edbn 6.9 inch, chip A19 Pro 3nm m\u1ea1nh m\u1ebd, v\u00e0 h\u1ec7 th\u1ed1ng 3 camera sau \u0111\u1ec1u 48MP<\/mark>. M\u00e1y \u0111\u01b0\u1ee3c n\u00e2ng c\u1ea5p v\u1edbi kh\u1ea3 n\u0103ng zoom quang 8x, camera selfie 18MP, khung titan\/nh\u00f4m m\u1edbi, v\u00e0 c\u00f4ng ngh\u1ec7 t\u1ea3n nhi\u1ec7t bu\u1ed3ng h\u01a1i.<\/li>\n<\/ul>\n<p>&nbsp;<\/p>\n<p>video sp: <a href=\"https:\/\/www.youtube.com\/shorts\/-sVB79jOWsI\">t\u1ea1i \u0111\u00e2y<\/a><\/p>\n<p>mua ngay: <a href=\"https:\/\/hummy.gracetal.net\/index.php\/product-category\/cua-hang\/\">https:\/\/hummy.gracetal.net\/index.php\/product-category\/cua-hang\/<\/a><\/p>\n","protected":false},"excerpt":{"rendered":"<p>K\u00edch th\u01b0\u1edbc m\u00e0n h\u00ecnh: 6.9 inches<\/p>\n<p>Camera sau: Ch\u00ednh: 48MP kh\u1ea9u \u0111\u1ed9 \u0192\/1.6 OIS h\u1ed7 tr\u1ee3 ch\u1ee5p 24MP ho\u1eb7c 48MP<br \/>\nG\u00f3c Si\u00eau R\u1ed9ng: 48MP kh\u1ea9u \u0111\u1ed9 \u0192\/2.2 g\u00f3c nh\u00ecn 120\u00b0<br \/>\nTelephoto: 48MP kh\u1ea9u \u0111\u1ed9 \u0192\/2.8 OIS zoom quang h\u1ecdc l\u00ean \u0111\u1ebfn 8x<\/p>\n<p><img loading=\"lazy\" decoding=\"async\" class=\"alignnone size-full wp-image-43\" src=\"https:\/\/hummy.gracetal.net\/wp-content\/uploads\/2026\/03\/screenshot_1772073105.png\" alt=\"\" width=\"532\" height=\"534\" \/><\/p>\n","protected":false},"featured_media":40,"comment_status":"open","ping_status":"closed","template":"","meta":[],"product_brand":[],"product_cat":[19,20],"product_tag":[],"class_list":{"0":"post-39","1":"product","2":"type-product","3":"status-publish","4":"has-post-thumbnail","6":"product_cat-cua-hang","7":"product_cat-dien-thoai","9":"first","10":"instock","11":"taxable","12":"shipping-taxable","13":"purchasable","14":"product-type-variable"},"yoast_head":"<!-- This site is optimized with the Yoast SEO plugin v27.1.1 - https:\/\/yoast.com\/product\/yoast-seo-wordpress\/ -->\n<title>iPhone 17 Pro Max | Ch\u00ednh h\u00e3ng - Web<\/title>\n<meta name=\"description\" content=\"iPhone 17 Pro Max l\u00e0 phi\u00ean b\u1ea3n &quot;x\u1ecbn x\u00f2&quot; nh\u1ea5t c\u1ee7a th\u1ebf h\u1ec7, \u0111\u01b0\u1ee3c Apple trang b\u1ecb nh\u1eefng c\u00f4ng ngh\u1ec7 h\u00e0ng \u0111\u1ea7u v\u1ec1 m\u00e0n h\u00ecnh, hi\u1ec7u n\u0103ng v\u00e0 camera.\" \/>\n<meta name=\"robots\" content=\"noindex, follow, max-snippet:-1, max-image-preview:large, max-video-preview:-1\" \/>\n<meta property=\"og:locale\" content=\"vi_VN\" \/>\n<meta property=\"og:type\" content=\"article\" \/>\n<meta property=\"og:title\" content=\"iPhone 17 Pro Max | Ch\u00ednh h\u00e3ng - Web\" \/>\n<meta property=\"og:description\" content=\"iPhone 17 Pro Max l\u00e0 phi\u00ean b\u1ea3n &quot;x\u1ecbn x\u00f2&quot; nh\u1ea5t c\u1ee7a th\u1ebf h\u1ec7, \u0111\u01b0\u1ee3c Apple trang b\u1ecb nh\u1eefng c\u00f4ng ngh\u1ec7 h\u00e0ng \u0111\u1ea7u v\u1ec1 m\u00e0n h\u00ecnh, hi\u1ec7u n\u0103ng v\u00e0 camera.\" \/>\n<meta property=\"og:url\" content=\"https:\/\/hummy.gracetal.net\/index.php\/product\/http-localhost-web-index-php-product-iphone-17-pro-max-chinh-hang\/\" \/>\n<meta property=\"og:site_name\" content=\"Web\" \/>\n<meta property=\"article:modified_time\" content=\"2026-03-05T12:06:49+00:00\" \/>\n<meta property=\"og:image\" content=\"https:\/\/hummy.gracetal.net\/wp-content\/uploads\/2026\/03\/screenshot_1772071742.png\" \/>\n\t<meta property=\"og:image:width\" content=\"537\" \/>\n\t<meta property=\"og:image:height\" content=\"535\" \/>\n\t<meta property=\"og:image:type\" content=\"image\/png\" \/>\n<meta name=\"twitter:card\" content=\"summary_large_image\" \/>\n<meta name=\"twitter:label1\" content=\"\u01af\u1edbc t\u00ednh th\u1eddi gian \u0111\u1ecdc\" \/>\n\t<meta name=\"twitter:data1\" content=\"3 ph\u00fat\" \/>\n<script type=\"application\/ld+json\" class=\"yoast-schema-graph\">{\"@context\":\"https:\/\/schema.org\",\"@graph\":[{\"@type\":\"WebPage\",\"@id\":\"https:\/\/hummy.gracetal.net\/index.php\/product\/http-localhost-web-index-php-product-iphone-17-pro-max-chinh-hang\/\",\"url\":\"https:\/\/hummy.gracetal.net\/index.php\/product\/http-localhost-web-index-php-product-iphone-17-pro-max-chinh-hang\/\",\"name\":\"iPhone 17 Pro Max | Ch\u00ednh h\u00e3ng - Web\",\"isPartOf\":{\"@id\":\"https:\/\/hummy.gracetal.net\/#website\"},\"primaryImageOfPage\":{\"@id\":\"https:\/\/hummy.gracetal.net\/index.php\/product\/http-localhost-web-index-php-product-iphone-17-pro-max-chinh-hang\/#primaryimage\"},\"image\":{\"@id\":\"https:\/\/hummy.gracetal.net\/index.php\/product\/http-localhost-web-index-php-product-iphone-17-pro-max-chinh-hang\/#primaryimage\"},\"thumbnailUrl\":\"https:\/\/hummy.gracetal.net\/wp-content\/uploads\/2026\/03\/screenshot_1772071742.png\",\"datePublished\":\"2026-03-05T11:54:10+00:00\",\"dateModified\":\"2026-03-05T12:06:49+00:00\",\"description\":\"iPhone 17 Pro Max l\u00e0 phi\u00ean b\u1ea3n \\\"x\u1ecbn x\u00f2\\\" nh\u1ea5t c\u1ee7a th\u1ebf h\u1ec7, \u0111\u01b0\u1ee3c Apple trang b\u1ecb nh\u1eefng c\u00f4ng ngh\u1ec7 h\u00e0ng \u0111\u1ea7u v\u1ec1 m\u00e0n h\u00ecnh, hi\u1ec7u n\u0103ng v\u00e0 camera.\",\"breadcrumb\":{\"@id\":\"https:\/\/hummy.gracetal.net\/index.php\/product\/http-localhost-web-index-php-product-iphone-17-pro-max-chinh-hang\/#breadcrumb\"},\"inLanguage\":\"vi\",\"potentialAction\":[{\"@type\":\"ReadAction\",\"target\":[\"https:\/\/hummy.gracetal.net\/index.php\/product\/http-localhost-web-index-php-product-iphone-17-pro-max-chinh-hang\/\"]}]},{\"@type\":\"ImageObject\",\"inLanguage\":\"vi\",\"@id\":\"https:\/\/hummy.gracetal.net\/index.php\/product\/http-localhost-web-index-php-product-iphone-17-pro-max-chinh-hang\/#primaryimage\",\"url\":\"https:\/\/hummy.gracetal.net\/wp-content\/uploads\/2026\/03\/screenshot_1772071742.png\",\"contentUrl\":\"https:\/\/hummy.gracetal.net\/wp-content\/uploads\/2026\/03\/screenshot_1772071742.png\",\"width\":537,\"height\":535,\"caption\":\"iPhone 17 Pro Max | Ch\u00ednh h\u00e3ng\"},{\"@type\":\"BreadcrumbList\",\"@id\":\"https:\/\/hummy.gracetal.net\/index.php\/product\/http-localhost-web-index-php-product-iphone-17-pro-max-chinh-hang\/#breadcrumb\",\"itemListElement\":[{\"@type\":\"ListItem\",\"position\":1,\"name\":\"Trang ch\u1ee7\",\"item\":\"https:\/\/hummy.gracetal.net\/\"},{\"@type\":\"ListItem\",\"position\":2,\"name\":\"Shop\",\"item\":\"https:\/\/hummy.gracetal.net\/index.php\/shop\/\"},{\"@type\":\"ListItem\",\"position\":3,\"name\":\"iPhone 17 Pro Max | Ch\u00ednh h\u00e3ng\"}]},{\"@type\":\"WebSite\",\"@id\":\"https:\/\/hummy.gracetal.net\/#website\",\"url\":\"https:\/\/hummy.gracetal.net\/\",\"name\":\"Web\",\"description\":\"\",\"potentialAction\":[{\"@type\":\"SearchAction\",\"target\":{\"@type\":\"EntryPoint\",\"urlTemplate\":\"https:\/\/hummy.gracetal.net\/?s={search_term_string}\"},\"query-input\":{\"@type\":\"PropertyValueSpecification\",\"valueRequired\":true,\"valueName\":\"search_term_string\"}}],\"inLanguage\":\"vi\"}]}<\/script>\n<!-- \/ Yoast SEO plugin. -->","yoast_head_json":{"title":"iPhone 17 Pro Max | Ch\u00ednh h\u00e3ng - Web","description":"iPhone 17 Pro Max l\u00e0 phi\u00ean b\u1ea3n \"x\u1ecbn x\u00f2\" nh\u1ea5t c\u1ee7a th\u1ebf h\u1ec7, \u0111\u01b0\u1ee3c Apple trang b\u1ecb nh\u1eefng c\u00f4ng ngh\u1ec7 h\u00e0ng \u0111\u1ea7u v\u1ec1 m\u00e0n h\u00ecnh, hi\u1ec7u n\u0103ng v\u00e0 camera.","robots":{"index":"noindex","follow":"follow","max-snippet":"max-snippet:-1","max-image-preview":"max-image-preview:large","max-video-preview":"max-video-preview:-1"},"og_locale":"vi_VN","og_type":"article","og_title":"iPhone 17 Pro Max | Ch\u00ednh h\u00e3ng - Web","og_description":"iPhone 17 Pro Max l\u00e0 phi\u00ean b\u1ea3n \"x\u1ecbn x\u00f2\" nh\u1ea5t c\u1ee7a th\u1ebf h\u1ec7, \u0111\u01b0\u1ee3c Apple trang b\u1ecb nh\u1eefng c\u00f4ng ngh\u1ec7 h\u00e0ng \u0111\u1ea7u v\u1ec1 m\u00e0n h\u00ecnh, hi\u1ec7u n\u0103ng v\u00e0 camera.","og_url":"https:\/\/hummy.gracetal.net\/index.php\/product\/http-localhost-web-index-php-product-iphone-17-pro-max-chinh-hang\/","og_site_name":"Web","article_modified_time":"2026-03-05T12:06:49+00:00","og_image":[{"width":537,"height":535,"url":"https:\/\/hummy.gracetal.net\/wp-content\/uploads\/2026\/03\/screenshot_1772071742.png","type":"image\/png"}],"twitter_card":"summary_large_image","twitter_misc":{"\u01af\u1edbc t\u00ednh th\u1eddi gian \u0111\u1ecdc":"3 ph\u00fat"},"schema":{"@context":"https:\/\/schema.org","@graph":[{"@type":"WebPage","@id":"https:\/\/hummy.gracetal.net\/index.php\/product\/http-localhost-web-index-php-product-iphone-17-pro-max-chinh-hang\/","url":"https:\/\/hummy.gracetal.net\/index.php\/product\/http-localhost-web-index-php-product-iphone-17-pro-max-chinh-hang\/","name":"iPhone 17 Pro Max | Ch\u00ednh h\u00e3ng - Web","isPartOf":{"@id":"https:\/\/hummy.gracetal.net\/#website"},"primaryImageOfPage":{"@id":"https:\/\/hummy.gracetal.net\/index.php\/product\/http-localhost-web-index-php-product-iphone-17-pro-max-chinh-hang\/#primaryimage"},"image":{"@id":"https:\/\/hummy.gracetal.net\/index.php\/product\/http-localhost-web-index-php-product-iphone-17-pro-max-chinh-hang\/#primaryimage"},"thumbnailUrl":"https:\/\/hummy.gracetal.net\/wp-content\/uploads\/2026\/03\/screenshot_1772071742.png","datePublished":"2026-03-05T11:54:10+00:00","dateModified":"2026-03-05T12:06:49+00:00","description":"iPhone 17 Pro Max l\u00e0 phi\u00ean b\u1ea3n \"x\u1ecbn x\u00f2\" nh\u1ea5t c\u1ee7a th\u1ebf h\u1ec7, \u0111\u01b0\u1ee3c Apple trang b\u1ecb nh\u1eefng c\u00f4ng ngh\u1ec7 h\u00e0ng \u0111\u1ea7u v\u1ec1 m\u00e0n h\u00ecnh, hi\u1ec7u n\u0103ng v\u00e0 camera.","breadcrumb":{"@id":"https:\/\/hummy.gracetal.net\/index.php\/product\/http-localhost-web-index-php-product-iphone-17-pro-max-chinh-hang\/#breadcrumb"},"inLanguage":"vi","potentialAction":[{"@type":"ReadAction","target":["https:\/\/hummy.gracetal.net\/index.php\/product\/http-localhost-web-index-php-product-iphone-17-pro-max-chinh-hang\/"]}]},{"@type":"ImageObject","inLanguage":"vi","@id":"https:\/\/hummy.gracetal.net\/index.php\/product\/http-localhost-web-index-php-product-iphone-17-pro-max-chinh-hang\/#primaryimage","url":"https:\/\/hummy.gracetal.net\/wp-content\/uploads\/2026\/03\/screenshot_1772071742.png","contentUrl":"https:\/\/hummy.gracetal.net\/wp-content\/uploads\/2026\/03\/screenshot_1772071742.png","width":537,"height":535,"caption":"iPhone 17 Pro Max | Ch\u00ednh h\u00e3ng"},{"@type":"BreadcrumbList","@id":"https:\/\/hummy.gracetal.net\/index.php\/product\/http-localhost-web-index-php-product-iphone-17-pro-max-chinh-hang\/#breadcrumb","itemListElement":[{"@type":"ListItem","position":1,"name":"Trang ch\u1ee7","item":"https:\/\/hummy.gracetal.net\/"},{"@type":"ListItem","position":2,"name":"Shop","item":"https:\/\/hummy.gracetal.net\/index.php\/shop\/"},{"@type":"ListItem","position":3,"name":"iPhone 17 Pro Max | Ch\u00ednh h\u00e3ng"}]},{"@type":"WebSite","@id":"https:\/\/hummy.gracetal.net\/#website","url":"https:\/\/hummy.gracetal.net\/","name":"Web","description":"","potentialAction":[{"@type":"SearchAction","target":{"@type":"EntryPoint","urlTemplate":"https:\/\/hummy.gracetal.net\/?s={search_term_string}"},"query-input":{"@type":"PropertyValueSpecification","valueRequired":true,"valueName":"search_term_string"}}],"inLanguage":"vi"}]}},"_links":{"self":[{"href":"https:\/\/hummy.gracetal.net\/index.php\/wp-json\/wp\/v2\/product\/39","targetHints":{"allow":["GET"]}}],"collection":[{"href":"https:\/\/hummy.gracetal.net\/index.php\/wp-json\/wp\/v2\/product"}],"about":[{"href":"https:\/\/hummy.gracetal.net\/index.php\/wp-json\/wp\/v2\/types\/product"}],"replies":[{"embeddable":true,"href":"https:\/\/hummy.gracetal.net\/index.php\/wp-json\/wp\/v2\/comments?post=39"}],"wp:featuredmedia":[{"embeddable":true,"href":"https:\/\/hummy.gracetal.net\/index.php\/wp-json\/wp\/v2\/media\/40"}],"wp:attachment":[{"href":"https:\/\/hummy.gracetal.net\/index.php\/wp-json\/wp\/v2\/media?parent=39"}],"wp:term":[{"taxonomy":"product_brand","embeddable":true,"href":"https:\/\/hummy.gracetal.net\/index.php\/wp-json\/wp\/v2\/product_brand?post=39"},{"taxonomy":"product_cat","embeddable":true,"href":"https:\/\/hummy.gracetal.net\/index.php\/wp-json\/wp\/v2\/product_cat?post=39"},{"taxonomy":"product_tag","embeddable":true,"href":"https:\/\/hummy.gracetal.net\/index.php\/wp-json\/wp\/v2\/product_tag?post=39"}],"curies":[{"name":"wp","href":"https:\/\/api.w.org\/{rel}","templated":true}]}}