{"id":54,"date":"2026-03-05T12:16:01","date_gmt":"2026-03-05T12:16:01","guid":{"rendered":"https:\/\/hummy.gracetal.net\/?post_type=product&#038;p=54"},"modified":"2026-03-05T12:19:44","modified_gmt":"2026-03-05T12:19:44","slug":"http-localhost-web-post_typeproductp54previewtrue","status":"publish","type":"product","link":"https:\/\/hummy.gracetal.net\/index.php\/product\/http-localhost-web-post_typeproductp54previewtrue\/","title":{"rendered":"Xiaomi Redmi Note 15 6GB 128GB"},"content":{"rendered":"<h2>Xiaomi Redmi Note 15 6GB 128GB<\/h2>\n<p>Xiaomi Redmi Note 15 6GB 128GB ra m\u1eaft \u0111\u1ea7u n\u0103m 2026 l\u00e0 <mark class=\"HxTRcb\" data-sfc-cb=\"\" data-processed=\"true\">smartphone t\u1ea7m trung n\u1ed5i b\u1eadt v\u1edbi m\u00e0n h\u00ecnh AMOLED 6.77 inch 120Hz r\u1ef1c r\u1ee1, chip Snapdragon 6 Gen 3 (ho\u1eb7c Helio G100-Ultra) m\u01b0\u1ee3t m\u00e0, camera 108MP s\u1eafc n\u00e9t v\u00e0 vi\u00ean pin l\u1edbn 5520mAh-6000mAh h\u1ed7 tr\u1ee3 s\u1ea1c nhanh 33W-45W. M\u00e1y ch\u1ea1y HyperOS 2, thi\u1ebft k\u1ebf hi\u1ec7n \u0111\u1ea1i v\u1edbi m\u1ee9c gi\u00e1 h\u1ea5p d\u1eabn.\u00a0<\/mark><\/p>\n<div class=\"Y3BBE\" data-sfc-cp=\"\" data-sfc-cb=\"\" data-hveid=\"CAIQAA\" data-processed=\"true\"><strong class=\"Yjhzub\" data-sfc-cb=\"\" data-processed=\"true\">C\u00e1c \u0111\u1eb7c \u0111i\u1ec3m n\u1ed5i b\u1eadt c\u1ee7a Xiaomi Redmi Note 15 (6GB\/128GB):<\/strong><button class=\"rBl3me\" tabindex=\"0\" data-amic=\"true\" data-icl-uuid=\"dfc7871b-6107-45c7-8ffb-278aaba3fb34\" aria-label=\"Xem c\u00e1c \u0111\u01b0\u1eddng li\u00ean k\u1ebft c\u00f3 li\u00ean quan\" data-wiz-attrbind=\"disabled=bIVNAd_l\/C5gNJc;aria-label=bIVNAd_l\/bOjMyf;class=bIVNAd_l\/UpSNec\" data-ved=\"2ahUKEwiDvJLq3IiTAxUvklYBHaxpBLsQye0OegQIAhAB\" data-hveid=\"CAIQAQ\" data-processed=\"true\"><\/button><\/div>\n<ul class=\"KsbFXc U6u95\" data-sfc-cb=\"\" data-processed=\"true\">\n<li class=\"dF3vjf\" data-sfc-cb=\"\" data-hveid=\"CAQQAA\" data-processed=\"true\"><span class=\"T286Pc\" data-sfc-cp=\"\" data-sfc-cb=\"\" data-processed=\"true\"><strong class=\"Yjhzub\" data-sfc-cb=\"\" data-processed=\"true\">Hi\u1ec7u n\u0103ng &amp; Ph\u1ea7n m\u1ec1m:<\/strong>\u00a0S\u1eed d\u1ee5ng chipset Snapdragon 6 Gen 3 (ti\u1ebfn tr\u00ecnh 4nm) ho\u1eb7c Helio G100-Ultra mang l\u1ea1i hi\u1ec7u n\u0103ng \u1ed5n \u0111\u1ecbnh, x\u1eed l\u00fd m\u01b0\u1ee3t c\u00e1c t\u00e1c v\u1ee5 h\u00e0ng ng\u00e0y v\u00e0 game ph\u1ed5 bi\u1ebfn. M\u00e1y ch\u1ea1y tr\u00ean h\u1ec7 \u0111i\u1ec1u h\u00e0nh\u00a0<span data-sfc-cb=\"\" data-processed=\"true\"><a class=\"H23r4e\" href=\"https:\/\/cellphones.com.vn\/sforum\/xiaomi-redmi-note-15-co-gi-moi\" target=\"_blank\" rel=\"noopener\" data-processed=\"true\">Xiaomi HyperOS 2<\/a><\/span>\u00a0d\u1ef1a tr\u00ean Android 15.<\/span><\/li>\n<li class=\"dF3vjf\" data-sfc-cb=\"\" data-hveid=\"CAQQAg\" data-processed=\"true\"><span class=\"T286Pc\" data-sfc-cp=\"\" data-sfc-cb=\"\" data-processed=\"true\"><strong class=\"Yjhzub\" data-sfc-cb=\"\" data-processed=\"true\">M\u00e0n h\u00ecnh:<\/strong>\u00a0T\u1ea5m n\u1ec1n AMOLED 6.77 inch, \u0111\u1ed9 ph\u00e2n gi\u1ea3i Full HD+ (1080 x 2392 pixel), t\u1ea7n s\u1ed1 qu\u00e9t 120Hz m\u01b0\u1ee3t m\u00e0 v\u00e0 \u0111\u1ed9 s\u00e1ng t\u1ed1i \u0111a l\u00ean t\u1edbi 3200 nits, cho kh\u1ea3 n\u0103ng hi\u1ec3n th\u1ecb r\u00f5 n\u00e9t ngo\u00e0i tr\u1eddi.<\/span><\/li>\n<li class=\"dF3vjf\" data-sfc-cb=\"\" data-hveid=\"CAQQAw\" data-processed=\"true\"><span class=\"T286Pc\" data-sfc-cp=\"\" data-sfc-cb=\"\" data-processed=\"true\"><strong class=\"Yjhzub\" data-sfc-cb=\"\" data-processed=\"true\">Camera:<\/strong>\u00a0Camera ch\u00ednh 108MP (c\u1ea3m bi\u1ebfn l\u1edbn 1\/1.67 inch, f\/1.7) ch\u1ee5p \u1ea3nh chi ti\u1ebft, k\u1ebft h\u1ee3p camera g\u00f3c r\u1ed9ng 8MP v\u00e0 camera tr\u01b0\u1edbc 20MP selfie t\u1ef1 nhi\u00ean.<\/span><\/li>\n<li class=\"dF3vjf\" data-sfc-cb=\"\" data-hveid=\"CAQQBA\" data-processed=\"true\"><span class=\"T286Pc\" data-sfc-cp=\"\" data-sfc-cb=\"\" data-processed=\"true\"><strong class=\"Yjhzub\" data-sfc-cb=\"\" data-processed=\"true\">Pin &amp; S\u1ea1c:<\/strong>\u00a0Pin dung l\u01b0\u1ee3ng l\u1edbn 5.520mAh ho\u1eb7c 6.000mAh, h\u1ed7 tr\u1ee3 s\u1ea1c nhanh 33W ho\u1eb7c 45W, mang l\u1ea1i th\u1eddi gian s\u1eed d\u1ee5ng d\u00e0i l\u00e2u.<\/span><\/li>\n<li class=\"dF3vjf\" data-sfc-cb=\"\" data-hveid=\"CAQQBQ\" data-processed=\"true\"><span class=\"T286Pc\" data-sfc-cp=\"\" data-sfc-cb=\"\" data-processed=\"true\"><strong class=\"Yjhzub\" data-sfc-cb=\"\" data-processed=\"true\">Thi\u1ebft k\u1ebf &amp; Kh\u00e1c:<\/strong>\u00a0Thi\u1ebft k\u1ebf hi\u1ec7n \u0111\u1ea1i, m\u1ecfng nh\u1eb9, c\u00f3 c\u1ea3m bi\u1ebfn v\u00e2n tay d\u01b0\u1edbi m\u00e0n h\u00ecnh, t\u00edch h\u1ee3p c\u1ed5ng h\u1ed3ng ngo\u1ea1i.<\/span><\/li>\n<li data-sfc-cb=\"\" data-hveid=\"CAQQBQ\" data-processed=\"true\">S\u1ea3n ph\u1ea9m \u0111\u01b0\u1ee3c \u0111\u00e1nh gi\u00e1 l\u00e0 l\u1ef1a ch\u1ecdn &#8220;qu\u1ed1c d\u00e2n&#8221; trong ph\u00e2n kh\u00fac gi\u00e1 kho\u1ea3ng h\u01a1n 5-7 tri\u1ec7u \u0111\u1ed3ng \u0111\u1ea7u n\u0103m 2026, ph\u00f9 h\u1ee3p cho ng\u01b0\u1eddi d\u00f9ng c\u1ea7n c\u1ea5u h\u00ecnh t\u1ed1t, m\u00e0n h\u00ecnh \u0111\u1eb9p v\u00e0 pin tr\u00e2u.<\/li>\n<li data-sfc-cb=\"\" data-hveid=\"CAQQBQ\" data-processed=\"true\">Xiaomi Redmi Note 15 s\u1ebd ch\u00ednh th\u1ee9c ra m\u1eaft v\u00e0o l\u00fac 16:00 ng\u00e0y\u00a0<strong>15\/01\/2026<\/strong>\u00a0(theo gi\u1edd Vi\u1ec7t Nam), v\u1edbi s\u1ef1 \u0111\u1ed3ng h\u00e0nh c\u1ee7a \u0111\u1ea1i s\u1ee9 th\u01b0\u01a1ng hi\u1ec7u Chi Pu. V\u1edbi m\u1ee9c gi\u00e1 ch\u1ec9 t\u1eeb\u00a0<strong>5.990.000\u0111<\/strong>, Redmi Note 15 \u0111\u01b0\u1ee3c k\u1ef3 v\u1ecdng \u201ckhu\u1ea5y \u0111\u1ed9ng\u201d ph\u00e2n kh\u00fac smartphone t\u1ea7m trung trong d\u1ecbp \u0111\u1ea7u n\u0103m m\u1edbi 2026.<\/li>\n<\/ul>\n<p>video sp: <a href=\"https:\/\/www.youtube.com\/shorts\/KoEnqlTRxo8\">https:\/\/www.youtube.com\/shorts\/KoEnqlTRxo8<\/a><\/p>\n<p>mua ngay: <a href=\"https:\/\/hummy.gracetal.net\/index.php\/product-category\/cua-hang\/\">https:\/\/hummy.gracetal.net\/index.php\/product-category\/cua-hang\/<\/a><\/p>\n<p>&nbsp;<\/p>\n","protected":false},"excerpt":{"rendered":"<p>T\u00ednh n\u0103ng m\u00e0n h\u00ecnh: \u0110\u1ed9 s\u00e1ng t\u1ed1i \u0111a 3200 nits, 12-bit, DCI-P3, PWM 3840Hz, T\u00dcV Rheinland gi\u1ea3m \u00e1nh s\u00e1ng xanh, T\u00dcV Rheinland th\u00e2n thi\u1ec7n nh\u1ecbp sinh h\u1ecdc, T\u00dcV Rheinland Flicker Free<\/p>\n<p>K\u00edch th\u01b0\u1edbc m\u00e0n h\u00ecnh: 6.77 inches<\/p>\n<p><img loading=\"lazy\" decoding=\"async\" class=\"alignnone size-full wp-image-59\" src=\"https:\/\/hummy.gracetal.net\/wp-content\/uploads\/2026\/03\/screenshot_1772074660.png\" alt=\"\" width=\"535\" height=\"535\" \/><\/p>\n","protected":false},"featured_media":55,"comment_status":"open","ping_status":"closed","template":"","meta":[],"product_brand":[],"product_cat":[19,20],"product_tag":[],"class_list":{"0":"post-54","1":"product","2":"type-product","3":"status-publish","4":"has-post-thumbnail","6":"product_cat-cua-hang","7":"product_cat-dien-thoai","9":"first","10":"instock","11":"taxable","12":"shipping-taxable","13":"purchasable","14":"product-type-variable"},"yoast_head":"<!-- This site is optimized with the Yoast SEO plugin v27.1.1 - https:\/\/yoast.com\/product\/yoast-seo-wordpress\/ -->\n<title>Xiaomi Redmi Note 15 6GB 128GB - Web<\/title>\n<meta name=\"description\" content=\"Xiaomi Redmi Note 15 (phi\u00ean b\u1ea3n 6GB RAM\/128GB ROM) ra m\u1eaft \u0111\u1ea7u n\u0103m 2026 l\u00e0 smartphone t\u1ea7m trung n\u1ed5i b\u1eadt v\u1edbi m\u00e0n h\u00ecnh AMOLED 6.77 inch 120Hz r\u1ef1c r\u1ee1.\" \/>\n<meta name=\"robots\" content=\"noindex, follow, max-snippet:-1, max-image-preview:large, max-video-preview:-1\" \/>\n<meta property=\"og:locale\" content=\"vi_VN\" \/>\n<meta property=\"og:type\" content=\"article\" \/>\n<meta property=\"og:title\" content=\"Xiaomi Redmi Note 15 6GB 128GB - Web\" \/>\n<meta property=\"og:description\" content=\"Xiaomi Redmi Note 15 (phi\u00ean b\u1ea3n 6GB RAM\/128GB ROM) ra m\u1eaft \u0111\u1ea7u n\u0103m 2026 l\u00e0 smartphone t\u1ea7m trung n\u1ed5i b\u1eadt v\u1edbi m\u00e0n h\u00ecnh AMOLED 6.77 inch 120Hz r\u1ef1c r\u1ee1.\" \/>\n<meta property=\"og:url\" content=\"https:\/\/hummy.gracetal.net\/index.php\/product\/http-localhost-web-post_typeproductp54previewtrue\/\" \/>\n<meta property=\"og:site_name\" content=\"Web\" \/>\n<meta property=\"article:modified_time\" content=\"2026-03-05T12:19:44+00:00\" \/>\n<meta property=\"og:image\" content=\"https:\/\/hummy.gracetal.net\/wp-content\/uploads\/2026\/03\/screenshot_1772070219.png\" \/>\n\t<meta property=\"og:image:width\" content=\"535\" \/>\n\t<meta property=\"og:image:height\" content=\"536\" \/>\n\t<meta property=\"og:image:type\" content=\"image\/png\" \/>\n<meta name=\"twitter:card\" content=\"summary_large_image\" \/>\n<meta name=\"twitter:label1\" content=\"\u01af\u1edbc t\u00ednh th\u1eddi gian \u0111\u1ecdc\" \/>\n\t<meta name=\"twitter:data1\" content=\"3 ph\u00fat\" \/>\n<script type=\"application\/ld+json\" class=\"yoast-schema-graph\">{\"@context\":\"https:\/\/schema.org\",\"@graph\":[{\"@type\":\"WebPage\",\"@id\":\"https:\/\/hummy.gracetal.net\/index.php\/product\/http-localhost-web-post_typeproductp54previewtrue\/\",\"url\":\"https:\/\/hummy.gracetal.net\/index.php\/product\/http-localhost-web-post_typeproductp54previewtrue\/\",\"name\":\"Xiaomi Redmi Note 15 6GB 128GB - Web\",\"isPartOf\":{\"@id\":\"https:\/\/hummy.gracetal.net\/#website\"},\"primaryImageOfPage\":{\"@id\":\"https:\/\/hummy.gracetal.net\/index.php\/product\/http-localhost-web-post_typeproductp54previewtrue\/#primaryimage\"},\"image\":{\"@id\":\"https:\/\/hummy.gracetal.net\/index.php\/product\/http-localhost-web-post_typeproductp54previewtrue\/#primaryimage\"},\"thumbnailUrl\":\"https:\/\/hummy.gracetal.net\/wp-content\/uploads\/2026\/03\/screenshot_1772070219.png\",\"datePublished\":\"2026-03-05T12:16:01+00:00\",\"dateModified\":\"2026-03-05T12:19:44+00:00\",\"description\":\"Xiaomi Redmi Note 15 (phi\u00ean b\u1ea3n 6GB RAM\/128GB ROM) ra m\u1eaft \u0111\u1ea7u n\u0103m 2026 l\u00e0 smartphone t\u1ea7m trung n\u1ed5i b\u1eadt v\u1edbi m\u00e0n h\u00ecnh AMOLED 6.77 inch 120Hz r\u1ef1c r\u1ee1.\",\"breadcrumb\":{\"@id\":\"https:\/\/hummy.gracetal.net\/index.php\/product\/http-localhost-web-post_typeproductp54previewtrue\/#breadcrumb\"},\"inLanguage\":\"vi\",\"potentialAction\":[{\"@type\":\"ReadAction\",\"target\":[\"https:\/\/hummy.gracetal.net\/index.php\/product\/http-localhost-web-post_typeproductp54previewtrue\/\"]}]},{\"@type\":\"ImageObject\",\"inLanguage\":\"vi\",\"@id\":\"https:\/\/hummy.gracetal.net\/index.php\/product\/http-localhost-web-post_typeproductp54previewtrue\/#primaryimage\",\"url\":\"https:\/\/hummy.gracetal.net\/wp-content\/uploads\/2026\/03\/screenshot_1772070219.png\",\"contentUrl\":\"https:\/\/hummy.gracetal.net\/wp-content\/uploads\/2026\/03\/screenshot_1772070219.png\",\"width\":535,\"height\":536,\"caption\":\"Xiaomi Redmi Note 15 6GB 128GB\"},{\"@type\":\"BreadcrumbList\",\"@id\":\"https:\/\/hummy.gracetal.net\/index.php\/product\/http-localhost-web-post_typeproductp54previewtrue\/#breadcrumb\",\"itemListElement\":[{\"@type\":\"ListItem\",\"position\":1,\"name\":\"Trang ch\u1ee7\",\"item\":\"https:\/\/hummy.gracetal.net\/\"},{\"@type\":\"ListItem\",\"position\":2,\"name\":\"Shop\",\"item\":\"https:\/\/hummy.gracetal.net\/index.php\/shop\/\"},{\"@type\":\"ListItem\",\"position\":3,\"name\":\"Xiaomi Redmi Note 15 6GB 128GB\"}]},{\"@type\":\"WebSite\",\"@id\":\"https:\/\/hummy.gracetal.net\/#website\",\"url\":\"https:\/\/hummy.gracetal.net\/\",\"name\":\"Web\",\"description\":\"\",\"potentialAction\":[{\"@type\":\"SearchAction\",\"target\":{\"@type\":\"EntryPoint\",\"urlTemplate\":\"https:\/\/hummy.gracetal.net\/?s={search_term_string}\"},\"query-input\":{\"@type\":\"PropertyValueSpecification\",\"valueRequired\":true,\"valueName\":\"search_term_string\"}}],\"inLanguage\":\"vi\"}]}<\/script>\n<!-- \/ Yoast SEO plugin. -->","yoast_head_json":{"title":"Xiaomi Redmi Note 15 6GB 128GB - Web","description":"Xiaomi Redmi Note 15 (phi\u00ean b\u1ea3n 6GB RAM\/128GB ROM) ra m\u1eaft \u0111\u1ea7u n\u0103m 2026 l\u00e0 smartphone t\u1ea7m trung n\u1ed5i b\u1eadt v\u1edbi m\u00e0n h\u00ecnh AMOLED 6.77 inch 120Hz r\u1ef1c r\u1ee1.","robots":{"index":"noindex","follow":"follow","max-snippet":"max-snippet:-1","max-image-preview":"max-image-preview:large","max-video-preview":"max-video-preview:-1"},"og_locale":"vi_VN","og_type":"article","og_title":"Xiaomi Redmi Note 15 6GB 128GB - Web","og_description":"Xiaomi Redmi Note 15 (phi\u00ean b\u1ea3n 6GB RAM\/128GB ROM) ra m\u1eaft \u0111\u1ea7u n\u0103m 2026 l\u00e0 smartphone t\u1ea7m trung n\u1ed5i b\u1eadt v\u1edbi m\u00e0n h\u00ecnh AMOLED 6.77 inch 120Hz r\u1ef1c r\u1ee1.","og_url":"https:\/\/hummy.gracetal.net\/index.php\/product\/http-localhost-web-post_typeproductp54previewtrue\/","og_site_name":"Web","article_modified_time":"2026-03-05T12:19:44+00:00","og_image":[{"width":535,"height":536,"url":"https:\/\/hummy.gracetal.net\/wp-content\/uploads\/2026\/03\/screenshot_1772070219.png","type":"image\/png"}],"twitter_card":"summary_large_image","twitter_misc":{"\u01af\u1edbc t\u00ednh th\u1eddi gian \u0111\u1ecdc":"3 ph\u00fat"},"schema":{"@context":"https:\/\/schema.org","@graph":[{"@type":"WebPage","@id":"https:\/\/hummy.gracetal.net\/index.php\/product\/http-localhost-web-post_typeproductp54previewtrue\/","url":"https:\/\/hummy.gracetal.net\/index.php\/product\/http-localhost-web-post_typeproductp54previewtrue\/","name":"Xiaomi Redmi Note 15 6GB 128GB - Web","isPartOf":{"@id":"https:\/\/hummy.gracetal.net\/#website"},"primaryImageOfPage":{"@id":"https:\/\/hummy.gracetal.net\/index.php\/product\/http-localhost-web-post_typeproductp54previewtrue\/#primaryimage"},"image":{"@id":"https:\/\/hummy.gracetal.net\/index.php\/product\/http-localhost-web-post_typeproductp54previewtrue\/#primaryimage"},"thumbnailUrl":"https:\/\/hummy.gracetal.net\/wp-content\/uploads\/2026\/03\/screenshot_1772070219.png","datePublished":"2026-03-05T12:16:01+00:00","dateModified":"2026-03-05T12:19:44+00:00","description":"Xiaomi Redmi Note 15 (phi\u00ean b\u1ea3n 6GB RAM\/128GB ROM) ra m\u1eaft \u0111\u1ea7u n\u0103m 2026 l\u00e0 smartphone t\u1ea7m trung n\u1ed5i b\u1eadt v\u1edbi m\u00e0n h\u00ecnh AMOLED 6.77 inch 120Hz r\u1ef1c r\u1ee1.","breadcrumb":{"@id":"https:\/\/hummy.gracetal.net\/index.php\/product\/http-localhost-web-post_typeproductp54previewtrue\/#breadcrumb"},"inLanguage":"vi","potentialAction":[{"@type":"ReadAction","target":["https:\/\/hummy.gracetal.net\/index.php\/product\/http-localhost-web-post_typeproductp54previewtrue\/"]}]},{"@type":"ImageObject","inLanguage":"vi","@id":"https:\/\/hummy.gracetal.net\/index.php\/product\/http-localhost-web-post_typeproductp54previewtrue\/#primaryimage","url":"https:\/\/hummy.gracetal.net\/wp-content\/uploads\/2026\/03\/screenshot_1772070219.png","contentUrl":"https:\/\/hummy.gracetal.net\/wp-content\/uploads\/2026\/03\/screenshot_1772070219.png","width":535,"height":536,"caption":"Xiaomi Redmi Note 15 6GB 128GB"},{"@type":"BreadcrumbList","@id":"https:\/\/hummy.gracetal.net\/index.php\/product\/http-localhost-web-post_typeproductp54previewtrue\/#breadcrumb","itemListElement":[{"@type":"ListItem","position":1,"name":"Trang ch\u1ee7","item":"https:\/\/hummy.gracetal.net\/"},{"@type":"ListItem","position":2,"name":"Shop","item":"https:\/\/hummy.gracetal.net\/index.php\/shop\/"},{"@type":"ListItem","position":3,"name":"Xiaomi Redmi Note 15 6GB 128GB"}]},{"@type":"WebSite","@id":"https:\/\/hummy.gracetal.net\/#website","url":"https:\/\/hummy.gracetal.net\/","name":"Web","description":"","potentialAction":[{"@type":"SearchAction","target":{"@type":"EntryPoint","urlTemplate":"https:\/\/hummy.gracetal.net\/?s={search_term_string}"},"query-input":{"@type":"PropertyValueSpecification","valueRequired":true,"valueName":"search_term_string"}}],"inLanguage":"vi"}]}},"_links":{"self":[{"href":"https:\/\/hummy.gracetal.net\/index.php\/wp-json\/wp\/v2\/product\/54","targetHints":{"allow":["GET"]}}],"collection":[{"href":"https:\/\/hummy.gracetal.net\/index.php\/wp-json\/wp\/v2\/product"}],"about":[{"href":"https:\/\/hummy.gracetal.net\/index.php\/wp-json\/wp\/v2\/types\/product"}],"replies":[{"embeddable":true,"href":"https:\/\/hummy.gracetal.net\/index.php\/wp-json\/wp\/v2\/comments?post=54"}],"wp:featuredmedia":[{"embeddable":true,"href":"https:\/\/hummy.gracetal.net\/index.php\/wp-json\/wp\/v2\/media\/55"}],"wp:attachment":[{"href":"https:\/\/hummy.gracetal.net\/index.php\/wp-json\/wp\/v2\/media?parent=54"}],"wp:term":[{"taxonomy":"product_brand","embeddable":true,"href":"https:\/\/hummy.gracetal.net\/index.php\/wp-json\/wp\/v2\/product_brand?post=54"},{"taxonomy":"product_cat","embeddable":true,"href":"https:\/\/hummy.gracetal.net\/index.php\/wp-json\/wp\/v2\/product_cat?post=54"},{"taxonomy":"product_tag","embeddable":true,"href":"https:\/\/hummy.gracetal.net\/index.php\/wp-json\/wp\/v2\/product_tag?post=54"}],"curies":[{"name":"wp","href":"https:\/\/api.w.org\/{rel}","templated":true}]}}