{"id":69,"date":"2026-03-05T12:31:18","date_gmt":"2026-03-05T12:31:18","guid":{"rendered":"https:\/\/hummy.gracetal.net\/?post_type=product&#038;p=69"},"modified":"2026-03-05T12:31:18","modified_gmt":"2026-03-05T12:31:18","slug":"samsung-galaxy-a56-5g-8gb-128g","status":"publish","type":"product","link":"https:\/\/hummy.gracetal.net\/index.php\/product\/samsung-galaxy-a56-5g-8gb-128g\/","title":{"rendered":"Samsung Galaxy A56 5G 8GB 128G"},"content":{"rendered":"<h2 class=\"ksp-title\">\u0110\u1eb7c \u0111i\u1ec3m n\u1ed5i b\u1eadt c\u1ee7a Samsung Galaxy A56 5G 8GB 128GB<\/h2>\n<p><strong>\u0110i\u1ec7n tho\u1ea1i\u00a0<a title=\"Samsung A56 5G\" href=\"https:\/\/cellphones.com.vn\/dien-thoai-samsung-galaxy-a56.html\" target=\"_blank\" rel=\"noopener\">Samsung A56 5G<\/a><\/strong>\u00a0s\u1edf h\u1eefu\u00a0<strong>m\u00e0n h\u00ecnh Super AMOLED 6,7 inch<\/strong>\u00a0\u0111\u1ed9 ph\u00e2n gi\u1ea3i FHD+ v\u00e0\u00a0<strong>t\u1ea7n s\u1ed1 qu\u00e9t 120 Hz<\/strong>, \u0111em t\u1edbi tr\u1ea3i nghi\u1ec7m xem s\u1eafc n\u00e9t v\u00e0 m\u01b0\u1ee3t m\u00e0. Thi\u1ebft b\u1ecb trang b\u1ecb\u00a0<strong>chip Exynos 1580<\/strong>\u00a0ti\u1ebfn tr\u00ecnh 4nm, gi\u00fap x\u1eed l\u00fd \u0111a nhi\u1ec7m nhanh ch\u00f3ng, t\u1ed1i \u01b0u hi\u1ec7u n\u0103ng. Vi\u00ean\u00a0<strong>pin 5000mAh<\/strong>\u00a0h\u1ed7 tr\u1ee3\u00a0<strong>s\u1ea1c nhanh 45W<\/strong>\u00a0cung c\u1ea5p cho m\u00e1y th\u1eddi l\u01b0\u1ee3ng s\u1eed d\u1ee5ng c\u1ea3 ng\u00e0y d\u00e0i m\u00e0 kh\u00f4ng lo gi\u00e1n \u0111o\u1ea1n.<\/p>\n<p>Samsung Galaxy A56 5G (8GB\/128GB)\u00a0<mark class=\"HxTRcb\" data-sfc-cb=\"\" data-processed=\"true\">l\u00e0 smartphone t\u1ea7m trung n\u1ed5i b\u1eadt v\u1edbi chip Exynos 1580 m\u1ea1nh m\u1ebd, m\u00e0n h\u00ecnh Super AMOLED 6.7 inch 120Hz m\u01b0\u1ee3t m\u00e0 v\u00e0 camera 50MP ch\u1ed1ng rung OIS<\/mark>. M\u00e1y c\u00f3 thi\u1ebft k\u1ebf sang tr\u1ecdng, pin 5000mAh h\u1ed7 tr\u1ee3 s\u1ea1c nhanh 45W, ch\u1ea1y Android 15 v\u1edbi c\u00e1c t\u00ednh n\u0103ng AI, c\u00f9ng kh\u1ea3 n\u0103ng kh\u00e1ng n\u01b0\u1edbc IP67.<\/p>\n<div class=\"Y3BBE\" data-sfc-cp=\"\" data-sfc-cb=\"\" data-hveid=\"CAIQAA\" data-processed=\"true\"><strong class=\"Yjhzub\" data-sfc-cb=\"\" data-processed=\"true\">C\u00e1c \u0111i\u1ec3m n\u1ed5i b\u1eadt chi ti\u1ebft:<\/strong><button class=\"rBl3me\" tabindex=\"0\" data-amic=\"true\" data-icl-uuid=\"c67b8716-430b-40c4-9009-4b95c65eacbe\" aria-label=\"Xem c\u00e1c \u0111\u01b0\u1eddng li\u00ean k\u1ebft c\u00f3 li\u00ean quan\" data-wiz-attrbind=\"disabled=VOwBad_n\/C5gNJc;aria-label=VOwBad_n\/bOjMyf;class=VOwBad_n\/UpSNec\" data-ved=\"2ahUKEwiHiNz734iTAxVLk1YBHeOyAfoQye0OegQIAhAB\" data-hveid=\"CAIQAQ\" data-processed=\"true\"><\/button><\/div>\n<ul class=\"KsbFXc U6u95\" data-sfc-cb=\"\" data-processed=\"true\">\n<li class=\"dF3vjf\" data-sfc-cb=\"\" data-hveid=\"CAQQAA\" data-processed=\"true\"><span class=\"T286Pc\" data-sfc-cp=\"\" data-sfc-cb=\"\" data-processed=\"true\"><strong class=\"Yjhzub\" data-sfc-cb=\"\" data-processed=\"true\">Hi\u1ec7u n\u0103ng &amp; B\u1ed9 nh\u1edb:<\/strong>\u00a0Vi x\u1eed l\u00fd Exynos 1580 (4nm) 8 nh\u00e2n, RAM 8GB v\u00e0 b\u1ed9 nh\u1edb trong 128GB, \u0111\u1ea3m b\u1ea3o \u0111a nhi\u1ec7m m\u01b0\u1ee3t m\u00e0, h\u1ed7 tr\u1ee3 ch\u01a1i game \u0111\u1ed3 h\u1ecda cao.<\/span><\/li>\n<li class=\"dF3vjf\" data-sfc-cb=\"\" data-hveid=\"CAQQAQ\" data-processed=\"true\"><span class=\"T286Pc\" data-sfc-cp=\"\" data-sfc-cb=\"\" data-processed=\"true\"><strong class=\"Yjhzub\" data-sfc-cb=\"\" data-processed=\"true\">M\u00e0n h\u00ecnh:<\/strong>\u00a0Super AMOLED 6.7 inch Full HD+, 120Hz, cho h\u00ecnh \u1ea3nh s\u1eafc n\u00e9t, m\u00e0u s\u1eafc s\u1ed1ng \u0111\u1ed9ng v\u00e0 tr\u1ea3i nghi\u1ec7m vu\u1ed1t ch\u1ea1m m\u01b0\u1ee3t m\u00e0.<\/span><\/li>\n<li class=\"dF3vjf\" data-sfc-cb=\"\" data-hveid=\"CAQQAg\" data-processed=\"true\"><span class=\"T286Pc\" data-sfc-cp=\"\" data-sfc-cb=\"\" data-processed=\"true\"><strong class=\"Yjhzub\" data-sfc-cb=\"\" data-processed=\"true\">Camera:<\/strong>\u00a0Camera ch\u00ednh 50MP t\u00edch h\u1ee3p OIS, camera g\u00f3c si\u00eau r\u1ed9ng 12MP, camera macro 5MP v\u00e0 camera tr\u01b0\u1edbc 12MP. H\u1ed7 tr\u1ee3 Galaxy AI (x\u00f3a v\u1eadt th\u1ec3, ch\u1ec9nh s\u1eeda \u1ea3nh).<\/span><\/li>\n<li class=\"dF3vjf\" data-sfc-cb=\"\" data-hveid=\"CAQQAw\" data-processed=\"true\"><span class=\"T286Pc\" data-sfc-cp=\"\" data-sfc-cb=\"\" data-processed=\"true\"><strong class=\"Yjhzub\" data-sfc-cb=\"\" data-processed=\"true\">Pin &amp; S\u1ea1c:<\/strong>\u00a0Dung l\u01b0\u1ee3ng 5000mAh s\u1eed d\u1ee5ng b\u1ec1n b\u1ec9 c\u1ea3 ng\u00e0y, s\u1ea1c nhanh 45W gi\u00fap n\u1ea1p l\u1ea1i n\u0103ng l\u01b0\u1ee3ng nhanh ch\u00f3ng.<\/span><\/li>\n<li class=\"dF3vjf\" data-sfc-cb=\"\" data-hveid=\"CAQQBA\" data-processed=\"true\"><span class=\"T286Pc\" data-sfc-cp=\"\" data-sfc-cb=\"\" data-processed=\"true\"><strong class=\"Yjhzub\" data-sfc-cb=\"\" data-processed=\"true\">Thi\u1ebft k\u1ebf &amp; T\u00ednh n\u0103ng:<\/strong>\u00a0Khung vi\u1ec1n b\u1ec1n b\u1ec9, m\u1eb7t l\u01b0ng k\u00ednh, kh\u00e1ng b\u1ee5i\/n\u01b0\u1edbc IP67, b\u1ea3o m\u1eadt Knox Vault, h\u1ed7 tr\u1ee3 k\u1ebft n\u1ed1i 5G.<\/span><\/li>\n<li data-sfc-cb=\"\" data-hveid=\"CAQQBA\" data-processed=\"true\">Galaxy A56 5G l\u00e0 l\u1ef1a ch\u1ecdn l\u00fd t\u01b0\u1edfng cho ng\u01b0\u1eddi d\u00f9ng c\u1ea7n c\u1ea5u h\u00ecnh m\u1ea1nh, camera t\u1ed1t v\u00e0 thi\u1ebft k\u1ebf hi\u1ec7n \u0111\u1ea1i trong ph\u00e2n kh\u00fac t\u1ea7m trung.<\/li>\n<\/ul>\n<p>video sp: <a href=\"https:\/\/www.youtube.com\/shorts\/OViZ2hP7GMY\">https:\/\/www.youtube.com\/shorts\/OViZ2hP7GMY<\/a><\/p>\n<p>mua ngay: <a href=\"https:\/\/hummy.gracetal.net\/index.php\/product-category\/cua-hang\/\">https:\/\/hummy.gracetal.net\/index.php\/product-category\/cua-hang\/<\/a><\/p>\n","protected":false},"excerpt":{"rendered":"<p>T\u00ednh n\u0103ng m\u00e0n h\u00ecnh: 16 tri\u1ec7u m\u00e0u, 120 Hz, 1200 nit, k\u00ednh c\u01b0\u1eddng l\u1ef1c Corning Gorilla Glass Victus+<\/p>\n<p>Camera sau: 50.0 MP, F\/1.8 + 12.0 MP, F\/2.2 + 5.0 MP, F\/2.4<\/p>\n<p><img loading=\"lazy\" decoding=\"async\" class=\"alignnone size-full wp-image-74\" src=\"https:\/\/hummy.gracetal.net\/wp-content\/uploads\/2026\/03\/screenshot_1772071151.png\" alt=\"\" width=\"1014\" height=\"537\" \/><\/p>\n","protected":false},"featured_media":70,"comment_status":"open","ping_status":"closed","template":"","meta":[],"product_brand":[],"product_cat":[19,20],"product_tag":[],"class_list":{"0":"post-69","1":"product","2":"type-product","3":"status-publish","4":"has-post-thumbnail","6":"product_cat-cua-hang","7":"product_cat-dien-thoai","9":"first","10":"instock","11":"taxable","12":"shipping-taxable","13":"purchasable","14":"product-type-variable"},"yoast_head":"<!-- This site is optimized with the Yoast SEO plugin v27.1.1 - https:\/\/yoast.com\/product\/yoast-seo-wordpress\/ -->\n<title>Samsung Galaxy A56 5G 8GB 128G - Web<\/title>\n<meta name=\"description\" content=\"Samsung Galaxy A56 5G (8GB\/128GB)\u00a0l\u00e0 smartphone t\u1ea7m trung n\u1ed5i b\u1eadt v\u1edbi chip Exynos 1580 m\u1ea1nh m\u1ebd, m\u00e0n h\u00ecnh Super AMOLED 6.7 inch.\" \/>\n<meta name=\"robots\" content=\"noindex, follow, max-snippet:-1, max-image-preview:large, max-video-preview:-1\" \/>\n<meta property=\"og:locale\" content=\"vi_VN\" \/>\n<meta property=\"og:type\" content=\"article\" \/>\n<meta property=\"og:title\" content=\"Samsung Galaxy A56 5G 8GB 128G - Web\" \/>\n<meta property=\"og:description\" content=\"Samsung Galaxy A56 5G (8GB\/128GB)\u00a0l\u00e0 smartphone t\u1ea7m trung n\u1ed5i b\u1eadt v\u1edbi chip Exynos 1580 m\u1ea1nh m\u1ebd, m\u00e0n h\u00ecnh Super AMOLED 6.7 inch.\" \/>\n<meta property=\"og:url\" content=\"https:\/\/hummy.gracetal.net\/index.php\/product\/samsung-galaxy-a56-5g-8gb-128g\/\" \/>\n<meta property=\"og:site_name\" content=\"Web\" \/>\n<meta property=\"og:image\" content=\"https:\/\/hummy.gracetal.net\/wp-content\/uploads\/2026\/03\/product_7978210.jpg\" \/>\n\t<meta property=\"og:image:width\" content=\"800\" \/>\n\t<meta property=\"og:image:height\" content=\"800\" \/>\n\t<meta property=\"og:image:type\" content=\"image\/jpeg\" \/>\n<meta name=\"twitter:card\" content=\"summary_large_image\" \/>\n<meta name=\"twitter:label1\" content=\"\u01af\u1edbc t\u00ednh th\u1eddi gian \u0111\u1ecdc\" \/>\n\t<meta name=\"twitter:data1\" content=\"2 ph\u00fat\" \/>\n<script type=\"application\/ld+json\" class=\"yoast-schema-graph\">{\"@context\":\"https:\/\/schema.org\",\"@graph\":[{\"@type\":\"WebPage\",\"@id\":\"https:\/\/hummy.gracetal.net\/index.php\/product\/samsung-galaxy-a56-5g-8gb-128g\/\",\"url\":\"https:\/\/hummy.gracetal.net\/index.php\/product\/samsung-galaxy-a56-5g-8gb-128g\/\",\"name\":\"Samsung Galaxy A56 5G 8GB 128G - Web\",\"isPartOf\":{\"@id\":\"https:\/\/hummy.gracetal.net\/#website\"},\"primaryImageOfPage\":{\"@id\":\"https:\/\/hummy.gracetal.net\/index.php\/product\/samsung-galaxy-a56-5g-8gb-128g\/#primaryimage\"},\"image\":{\"@id\":\"https:\/\/hummy.gracetal.net\/index.php\/product\/samsung-galaxy-a56-5g-8gb-128g\/#primaryimage\"},\"thumbnailUrl\":\"https:\/\/hummy.gracetal.net\/wp-content\/uploads\/2026\/03\/product_7978210.jpg\",\"datePublished\":\"2026-03-05T12:31:18+00:00\",\"description\":\"Samsung Galaxy A56 5G (8GB\/128GB)\u00a0l\u00e0 smartphone t\u1ea7m trung n\u1ed5i b\u1eadt v\u1edbi chip Exynos 1580 m\u1ea1nh m\u1ebd, m\u00e0n h\u00ecnh Super AMOLED 6.7 inch.\",\"breadcrumb\":{\"@id\":\"https:\/\/hummy.gracetal.net\/index.php\/product\/samsung-galaxy-a56-5g-8gb-128g\/#breadcrumb\"},\"inLanguage\":\"vi\",\"potentialAction\":[{\"@type\":\"ReadAction\",\"target\":[\"https:\/\/hummy.gracetal.net\/index.php\/product\/samsung-galaxy-a56-5g-8gb-128g\/\"]}]},{\"@type\":\"ImageObject\",\"inLanguage\":\"vi\",\"@id\":\"https:\/\/hummy.gracetal.net\/index.php\/product\/samsung-galaxy-a56-5g-8gb-128g\/#primaryimage\",\"url\":\"https:\/\/hummy.gracetal.net\/wp-content\/uploads\/2026\/03\/product_7978210.jpg\",\"contentUrl\":\"https:\/\/hummy.gracetal.net\/wp-content\/uploads\/2026\/03\/product_7978210.jpg\",\"width\":800,\"height\":800,\"caption\":\"Samsung Galaxy A56 5G 8GB 128G\"},{\"@type\":\"BreadcrumbList\",\"@id\":\"https:\/\/hummy.gracetal.net\/index.php\/product\/samsung-galaxy-a56-5g-8gb-128g\/#breadcrumb\",\"itemListElement\":[{\"@type\":\"ListItem\",\"position\":1,\"name\":\"Trang ch\u1ee7\",\"item\":\"https:\/\/hummy.gracetal.net\/\"},{\"@type\":\"ListItem\",\"position\":2,\"name\":\"Shop\",\"item\":\"https:\/\/hummy.gracetal.net\/index.php\/shop\/\"},{\"@type\":\"ListItem\",\"position\":3,\"name\":\"Samsung Galaxy A56 5G 8GB 128G\"}]},{\"@type\":\"WebSite\",\"@id\":\"https:\/\/hummy.gracetal.net\/#website\",\"url\":\"https:\/\/hummy.gracetal.net\/\",\"name\":\"Web\",\"description\":\"\",\"potentialAction\":[{\"@type\":\"SearchAction\",\"target\":{\"@type\":\"EntryPoint\",\"urlTemplate\":\"https:\/\/hummy.gracetal.net\/?s={search_term_string}\"},\"query-input\":{\"@type\":\"PropertyValueSpecification\",\"valueRequired\":true,\"valueName\":\"search_term_string\"}}],\"inLanguage\":\"vi\"}]}<\/script>\n<!-- \/ Yoast SEO plugin. -->","yoast_head_json":{"title":"Samsung Galaxy A56 5G 8GB 128G - Web","description":"Samsung Galaxy A56 5G (8GB\/128GB)\u00a0l\u00e0 smartphone t\u1ea7m trung n\u1ed5i b\u1eadt v\u1edbi chip Exynos 1580 m\u1ea1nh m\u1ebd, m\u00e0n h\u00ecnh Super AMOLED 6.7 inch.","robots":{"index":"noindex","follow":"follow","max-snippet":"max-snippet:-1","max-image-preview":"max-image-preview:large","max-video-preview":"max-video-preview:-1"},"og_locale":"vi_VN","og_type":"article","og_title":"Samsung Galaxy A56 5G 8GB 128G - Web","og_description":"Samsung Galaxy A56 5G (8GB\/128GB)\u00a0l\u00e0 smartphone t\u1ea7m trung n\u1ed5i b\u1eadt v\u1edbi chip Exynos 1580 m\u1ea1nh m\u1ebd, m\u00e0n h\u00ecnh Super AMOLED 6.7 inch.","og_url":"https:\/\/hummy.gracetal.net\/index.php\/product\/samsung-galaxy-a56-5g-8gb-128g\/","og_site_name":"Web","og_image":[{"width":800,"height":800,"url":"https:\/\/hummy.gracetal.net\/wp-content\/uploads\/2026\/03\/product_7978210.jpg","type":"image\/jpeg"}],"twitter_card":"summary_large_image","twitter_misc":{"\u01af\u1edbc t\u00ednh th\u1eddi gian \u0111\u1ecdc":"2 ph\u00fat"},"schema":{"@context":"https:\/\/schema.org","@graph":[{"@type":"WebPage","@id":"https:\/\/hummy.gracetal.net\/index.php\/product\/samsung-galaxy-a56-5g-8gb-128g\/","url":"https:\/\/hummy.gracetal.net\/index.php\/product\/samsung-galaxy-a56-5g-8gb-128g\/","name":"Samsung Galaxy A56 5G 8GB 128G - Web","isPartOf":{"@id":"https:\/\/hummy.gracetal.net\/#website"},"primaryImageOfPage":{"@id":"https:\/\/hummy.gracetal.net\/index.php\/product\/samsung-galaxy-a56-5g-8gb-128g\/#primaryimage"},"image":{"@id":"https:\/\/hummy.gracetal.net\/index.php\/product\/samsung-galaxy-a56-5g-8gb-128g\/#primaryimage"},"thumbnailUrl":"https:\/\/hummy.gracetal.net\/wp-content\/uploads\/2026\/03\/product_7978210.jpg","datePublished":"2026-03-05T12:31:18+00:00","description":"Samsung Galaxy A56 5G (8GB\/128GB)\u00a0l\u00e0 smartphone t\u1ea7m trung n\u1ed5i b\u1eadt v\u1edbi chip Exynos 1580 m\u1ea1nh m\u1ebd, m\u00e0n h\u00ecnh Super AMOLED 6.7 inch.","breadcrumb":{"@id":"https:\/\/hummy.gracetal.net\/index.php\/product\/samsung-galaxy-a56-5g-8gb-128g\/#breadcrumb"},"inLanguage":"vi","potentialAction":[{"@type":"ReadAction","target":["https:\/\/hummy.gracetal.net\/index.php\/product\/samsung-galaxy-a56-5g-8gb-128g\/"]}]},{"@type":"ImageObject","inLanguage":"vi","@id":"https:\/\/hummy.gracetal.net\/index.php\/product\/samsung-galaxy-a56-5g-8gb-128g\/#primaryimage","url":"https:\/\/hummy.gracetal.net\/wp-content\/uploads\/2026\/03\/product_7978210.jpg","contentUrl":"https:\/\/hummy.gracetal.net\/wp-content\/uploads\/2026\/03\/product_7978210.jpg","width":800,"height":800,"caption":"Samsung Galaxy A56 5G 8GB 128G"},{"@type":"BreadcrumbList","@id":"https:\/\/hummy.gracetal.net\/index.php\/product\/samsung-galaxy-a56-5g-8gb-128g\/#breadcrumb","itemListElement":[{"@type":"ListItem","position":1,"name":"Trang ch\u1ee7","item":"https:\/\/hummy.gracetal.net\/"},{"@type":"ListItem","position":2,"name":"Shop","item":"https:\/\/hummy.gracetal.net\/index.php\/shop\/"},{"@type":"ListItem","position":3,"name":"Samsung Galaxy A56 5G 8GB 128G"}]},{"@type":"WebSite","@id":"https:\/\/hummy.gracetal.net\/#website","url":"https:\/\/hummy.gracetal.net\/","name":"Web","description":"","potentialAction":[{"@type":"SearchAction","target":{"@type":"EntryPoint","urlTemplate":"https:\/\/hummy.gracetal.net\/?s={search_term_string}"},"query-input":{"@type":"PropertyValueSpecification","valueRequired":true,"valueName":"search_term_string"}}],"inLanguage":"vi"}]}},"_links":{"self":[{"href":"https:\/\/hummy.gracetal.net\/index.php\/wp-json\/wp\/v2\/product\/69","targetHints":{"allow":["GET"]}}],"collection":[{"href":"https:\/\/hummy.gracetal.net\/index.php\/wp-json\/wp\/v2\/product"}],"about":[{"href":"https:\/\/hummy.gracetal.net\/index.php\/wp-json\/wp\/v2\/types\/product"}],"replies":[{"embeddable":true,"href":"https:\/\/hummy.gracetal.net\/index.php\/wp-json\/wp\/v2\/comments?post=69"}],"wp:featuredmedia":[{"embeddable":true,"href":"https:\/\/hummy.gracetal.net\/index.php\/wp-json\/wp\/v2\/media\/70"}],"wp:attachment":[{"href":"https:\/\/hummy.gracetal.net\/index.php\/wp-json\/wp\/v2\/media?parent=69"}],"wp:term":[{"taxonomy":"product_brand","embeddable":true,"href":"https:\/\/hummy.gracetal.net\/index.php\/wp-json\/wp\/v2\/product_brand?post=69"},{"taxonomy":"product_cat","embeddable":true,"href":"https:\/\/hummy.gracetal.net\/index.php\/wp-json\/wp\/v2\/product_cat?post=69"},{"taxonomy":"product_tag","embeddable":true,"href":"https:\/\/hummy.gracetal.net\/index.php\/wp-json\/wp\/v2\/product_tag?post=69"}],"curies":[{"name":"wp","href":"https:\/\/api.w.org\/{rel}","templated":true}]}}